{"id":140,"date":"2025-11-13T02:29:00","date_gmt":"2025-11-13T02:29:00","guid":{"rendered":"https:\/\/relaxconplenitud.com\/?page_id=140"},"modified":"2025-11-21T22:31:12","modified_gmt":"2025-11-21T22:31:12","slug":"sobre-mi-bienestar-emocional-consciente","status":"publish","type":"page","link":"https:\/\/relaxconplenitud.com\/en\/sobre-mi-bienestar-emocional-consciente\/","title":{"rendered":"About me"},"content":{"rendered":"<p>Hola, soy Patricia Su\u00e1rez Forero, Administradora de Empresas, Coach Ontol\u00f3gico Profesional y M\u00e1ster en Programaci\u00f3n Neuroling\u00fc\u00edstica, creadora de <em><a href=\"https:\/\/reinventatuser.com\/\" data-type=\"link\" data-id=\"https:\/\/reinventatuser.com\/\" target=\"_blank\" rel=\"noopener\">Reinventa tu Ser<\/a><\/em>.<\/p>\n\n\n\n<p>He creado <strong>RelaxConPlenitud<\/strong> porque, a lo largo de mi experiencia acompa\u00f1ando procesos personales y profesionales, he observado c\u00f3mo muchas personas buscan herramientas, productos y espacios que les permitan conectar con la tranquilidad, el bienestar y la claridad emocional.<\/p>\n\n\n\n<p>Este espacio naci\u00f3 con la intenci\u00f3n de acompa\u00f1arte en la b\u00fasqueda de calma, equilibrio y plenitud, compartiendo consejos pr\u00e1cticos, gu\u00edas y recomendaciones de productos<strong> <\/strong>que pueden aportar bienestar y ayudarte a crear h\u00e1bitos que mejoren tu d\u00eda a d\u00eda.<\/p>\n\n\n\n<p>Aqu\u00ed encontrar\u00e1s:<\/p>\n\n\n\n<ul class=\"wp-block-list\">\n<li>Rese\u00f1as honestas de productos de bienestar<\/li>\n\n\n\n<li>Recomendaciones basadas en mi experiencia profesional y personal.<\/li>\n\n\n\n<li>Reflexiones y herramientas de autocuidado<\/li>\n\n\n\n<li>Contenido pensado para ayudarte a tomar decisiones m\u00e1s conscientes<\/li>\n<\/ul>\n\n\n\n<p>Mi prop\u00f3sito es ofrecerte un lugar donde puedas explorar ideas, pr\u00e1cticas y recursos que apoyen tu bienestar integral, desde lo emocional hasta lo cotidiano.<\/p>\n\n\n\n<p>Te invito a recorrer este espacio, conectar con el contenido, compartir tus experiencias y descubrir nuevas formas de cuidarte y vivir con m\u00e1s armon\u00eda.<\/p>\n\n\n\n<p><\/p>","protected":false},"excerpt":{"rendered":"<p>Hola, soy Patricia Su\u00e1rez Forero, Administradora de Empresas, Coach Ontol\u00f3gico Profesional y M\u00e1ster en Programaci\u00f3n Neuroling\u00fc\u00edstica, creadora de Reinventa tu Ser. He creado RelaxConPlenitud porque, a lo largo de mi experiencia acompa\u00f1ando procesos personales y profesionales, he observado c\u00f3mo muchas personas buscan herramientas, productos y espacios que les permitan conectar con la tranquilidad, el bienestar [&hellip;]<\/p>","protected":false},"author":1,"featured_media":0,"parent":0,"menu_order":0,"comment_status":"closed","ping_status":"closed","template":"","meta":{"site-sidebar-layout":"default","site-content-layout":"","ast-site-content-layout":"default","site-content-style":"default","site-sidebar-style":"default","ast-global-header-display":"","ast-banner-title-visibility":"","ast-main-header-display":"","ast-hfb-above-header-display":"","ast-hfb-below-header-display":"","ast-hfb-mobile-header-display":"","site-post-title":"","ast-breadcrumbs-content":"","ast-featured-img":"","footer-sml-layout":"","theme-transparent-header-meta":"","adv-header-id-meta":"","stick-header-meta":"","header-above-stick-meta":"","header-main-stick-meta":"","header-below-stick-meta":"","astra-migrate-meta-layouts":"default","ast-page-background-enabled":"default","ast-page-background-meta":{"desktop":{"background-color":"var(--ast-global-color-5)","background-image":"","background-repeat":"repeat","background-position":"center center","background-size":"auto","background-attachment":"scroll","background-type":"","background-media":"","overlay-type":"","overlay-color":"","overlay-opacity":"","overlay-gradient":""},"tablet":{"background-color":"","background-image":"","background-repeat":"repeat","background-position":"center center","background-size":"auto","background-attachment":"scroll","background-type":"","background-media":"","overlay-type":"","overlay-color":"","overlay-opacity":"","overlay-gradient":""},"mobile":{"background-color":"","background-image":"","background-repeat":"repeat","background-position":"center center","background-size":"auto","background-attachment":"scroll","background-type":"","background-media":"","overlay-type":"","overlay-color":"","overlay-opacity":"","overlay-gradient":""}},"ast-content-background-meta":{"desktop":{"background-color":"var(--ast-global-color-4)","background-image":"","background-repeat":"repeat","background-position":"center center","background-size":"auto","background-attachment":"scroll","background-type":"","background-media":"","overlay-type":"","overlay-color":"","overlay-opacity":"","overlay-gradient":""},"tablet":{"background-color":"var(--ast-global-color-4)","background-image":"","background-repeat":"repeat","background-position":"center center","background-size":"auto","background-attachment":"scroll","background-type":"","background-media":"","overlay-type":"","overlay-color":"","overlay-opacity":"","overlay-gradient":""},"mobile":{"background-color":"var(--ast-global-color-4)","background-image":"","background-repeat":"repeat","background-position":"center center","background-size":"auto","background-attachment":"scroll","background-type":"","background-media":"","overlay-type":"","overlay-color":"","overlay-opacity":"","overlay-gradient":""}},"footnotes":""},"class_list":["post-140","page","type-page","status-publish","hentry"],"_hostinger_reach_plugin_has_subscription_block":false,"_hostinger_reach_plugin_is_elementor":false,"_links":{"self":[{"href":"https:\/\/relaxconplenitud.com\/en\/wp-json\/wp\/v2\/pages\/140","targetHints":{"allow":["GET"]}}],"collection":[{"href":"https:\/\/relaxconplenitud.com\/en\/wp-json\/wp\/v2\/pages"}],"about":[{"href":"https:\/\/relaxconplenitud.com\/en\/wp-json\/wp\/v2\/types\/page"}],"author":[{"embeddable":true,"href":"https:\/\/relaxconplenitud.com\/en\/wp-json\/wp\/v2\/users\/1"}],"replies":[{"embeddable":true,"href":"https:\/\/relaxconplenitud.com\/en\/wp-json\/wp\/v2\/comments?post=140"}],"version-history":[{"count":4,"href":"https:\/\/relaxconplenitud.com\/en\/wp-json\/wp\/v2\/pages\/140\/revisions"}],"predecessor-version":[{"id":848,"href":"https:\/\/relaxconplenitud.com\/en\/wp-json\/wp\/v2\/pages\/140\/revisions\/848"}],"wp:attachment":[{"href":"https:\/\/relaxconplenitud.com\/en\/wp-json\/wp\/v2\/media?parent=140"}],"curies":[{"name":"wp","href":"https:\/\/api.w.org\/{rel}","templated":true}]}}