{"id":168,"date":"2025-11-13T17:45:49","date_gmt":"2025-11-13T17:45:49","guid":{"rendered":"https:\/\/relaxconplenitud.com\/?page_id=168"},"modified":"2025-12-08T20:25:49","modified_gmt":"2025-12-08T20:25:49","slug":"blog-bienestar-integral","status":"publish","type":"page","link":"https:\/\/relaxconplenitud.com\/en\/blog-bienestar-integral\/","title":{"rendered":"Blog"},"content":{"rendered":"<h2 class=\"wp-block-heading\">Te doy la bienvenida a mi blog RelaxConPlenitud.<\/h2>\n\n\n\n<p style=\"line-height:1.6\">Este espacio re\u00fane contenido relacionado con el bienestar integral, la relajaci\u00f3n, el autocuidado, la autoestima y el crecimiento personal. El objetivo es ofrecer informaci\u00f3n clara, accesible y pr\u00e1ctica sobre recursos que pueden contribuir a crear ambientes tranquilos y h\u00e1bitos de bienestar en la vida cotidiana.<\/p>\n\n\n\n<p style=\"line-height:1.6\">Aqu\u00ed encontrar\u00e1s ideas, accesorios de bienestar, tecnolog\u00eda orientada al descanso, libros de desarrollo personal y herramientas \u00fatiles para apoyar rutinas de equilibrio f\u00edsico, mental y emocional.<br><\/p>\n\n\n\n<hr class=\"wp-block-separator has-alpha-channel-opacity\"\/>\n\n\n\n<h2 class=\"wp-block-heading\">Nuestras categor\u00edas<\/h2>\n\n\n\n<h3 class=\"wp-block-heading\">1.<a href=\"https:\/\/relaxconplenitud.com\/en\/category\/aliados-para-el-autocuidado\/bienestar-integral\/\"> <\/a><a href=\"https:\/\/relaxconplenitud.com\/en\/category\/bienestar-integral\/\">Integral Wellness<\/a><\/h3>\n\n\n\n<p style=\"line-height:1.6\">Recursos y art\u00edculos relacionados con ambientes equilibrados y pr\u00e1cticas de bienestar f\u00edsico, mental y emocional. Incluye accesorios como velas, difusores, cristales, inciensos, libros y herramientas orientadas a generar espacios de calma. <a href=\"https:\/\/relaxconplenitud.com\/en\/category\/bienestar-integral\/\">https:\/\/relaxconplenitud.com\/category\/bienestar-integral\/<\/a><\/p>\n\n\n\n<h3 class=\"wp-block-heading\">2. <a href=\"https:\/\/relaxconplenitud.com\/en\/category\/armonia-mental-emocional\/\">Armon\u00eda mental y emocional<\/a><\/h3>\n\n\n\n<p style=\"line-height:1.6\">Contenido orientado a fortalecer la claridad mental, la gesti\u00f3n emocional y el autocuidado. Incluye recursos que apoyan la autoestima, el bienestar personal y la creaci\u00f3n de h\u00e1bitos que promueven tranquilidad y equilibrio. Tambi\u00e9n abarca libros, rutinas y herramientas que pueden contribuir a mejorar la relaci\u00f3n con uno mismo y fomentar un estilo de vida m\u00e1s consciente. <a href=\"https:\/\/relaxconplenitud.com\/en\/category\/armonia-mental-emocional\/\">https:\/\/relaxconplenitud.com\/category\/armonia-mental-emocional\/<\/a><\/p>\n\n\n\n<h3 class=\"wp-block-heading\">3. <a href=\"https:\/\/relaxconplenitud.com\/en\/category\/bienestar-integral\/tecnologia-gadgets-de-bienestar\/\">Tecnolog\u00eda y gadgets de bienestar<\/a><\/h3>\n\n\n\n<p style=\"line-height:1.6\">Dispositivos y accesorios tecnol\u00f3gicos dise\u00f1ados para mejorar la experiencia de descanso y relajaci\u00f3n: masajeadores, difusores, esterillas, luces ambientales y otros gadgets orientados al confort general.<a href=\"https:\/\/relaxconplenitud.com\/en\/category\/aliados-para-el-autocuidado\/bienestar-integral\/tecnologia-gadgets-de-bienestar\/\"> https:\/\/relaxconplenitud.com\/category\/aliados-para-el-autocuidado\/bienestar-integral\/tecnologia-gadgets-de-bienestar\/<\/a><\/p>\n\n\n\n<h3 class=\"wp-block-heading\">4. <a href=\"https:\/\/relaxconplenitud.com\/en\/category\/reviews-recomendaciones\/\">Reviews &amp; Recomendaciones<\/a><\/h3>\n\n\n\n<p style=\"line-height:1.6\">Rese\u00f1as objetivas e informaci\u00f3n comparativa sobre productos, dispositivos y libros relacionados con el bienestar, la relajaci\u00f3n y el desarrollo personal. El enfoque es ofrecer datos claros para facilitar la evaluaci\u00f3n de opciones disponibles. <a href=\"https:\/\/relaxconplenitud.com\/en\/category\/reviews-recomendaciones\/\">https:\/\/relaxconplenitud.com\/category\/reviews-recomendaciones\/<\/a><\/p>\n\n\n\n<hr class=\"wp-block-separator has-alpha-channel-opacity\"\/>\n\n\n\n<h2 class=\"wp-block-heading\">5<a href=\"https:\/\/relaxconplenitud.com\/en\/category\/libros-que-inspiran-bienestar-y-crecimiento\/\">. Libros que inspiran bienestar y crecimiento.<\/a><\/h2>\n\n\n\n<p style=\"line-height:1.6\">Encuentra los libros m\u00e1s recomendados que pueden acompa\u00f1arte en el desarrollo personal, el bienestar emocional y la b\u00fasqueda de mayor plenitud. Seleccionamos lecturas sobre mindfulness, autoconocimiento, h\u00e1bitos saludables y t\u00e9cnicas de relajaci\u00f3n que ofrecen herramientas pr\u00e1cticas para fomentar el equilibrio, la atenci\u00f3n plena y h\u00e1bitos m\u00e1s conscientes en la vida cotidiana. <a href=\"https:\/\/relaxconplenitud.com\/en\/category\/libros-que-inspiran-bienestar-y-crecimiento\/\">https:\/\/relaxconplenitud.com\/category\/energia-espiritualidad\/<\/a><\/p>\n\n\n\n<h2 class=\"wp-block-heading\">6. <a href=\"https:\/\/relaxconplenitud.com\/en\/espacio-de-aprendizaje\/\">Espacio de Aprendizaje.<\/a><\/h2>\n\n\n\n<p style=\"line-height:1.6\">Aqu\u00ed encontrar\u00e1s pensamientos, ideas y aprendizajes que invitan a vivir con m\u00e1s calma, equilibrio y plenitud. Un espacio para reconectar contigo mismo\/a, pausar y reflexionar sobre lo esencial.<a href=\"https:\/\/relaxconplenitud.com\/en\/espacio-de-aprendizaje\/\"> https:\/\/relaxconplenitud.com\/espacio-de-aprendizaje\/<\/a><\/p>\n\n\n\n<h6 class=\"wp-block-heading\" style=\"line-height:1.6\">Recuerda que \u201cTu cuerpo es tu hogar, cu\u00eddalo con amor y respeto.\u201d \u2014 Jon\u202fKabat\u2011Zinn.Aqu\u00ed encontrar\u00e1s pensamientos, ideas y aprendizajes que invitan a vivir con m\u00e1s calma, equilibrio y plenitud. Un espacio para reconectar contigo mismo\/a, pausar y reflexionar sobre lo esencial.<\/h6>\n\n\n\n<h2 class=\"wp-block-heading\">7.Energ\u00eda y Espiritualidad<\/h2>\n\n\n\n<p style=\"line-height:1.6\">Recursos relacionados con energ\u00eda personal y pr\u00e1cticas de bienestar espiritual. Aqu\u00ed encontrar\u00e1s elementos que pueden acompa\u00f1arte en momentos de calma, apoyar la gesti\u00f3n del estr\u00e9s y favorecer una sensaci\u00f3n general de serenidad. Estos contenidos est\u00e1n pensados para acompa\u00f1ar procesos de reflexi\u00f3n, claridad y equilibrio mental.<\/p>\n\n\n\n<p><\/p>","protected":false},"excerpt":{"rendered":"<p>Te doy la bienvenida a mi blog RelaxConPlenitud. Este espacio re\u00fane contenido relacionado con el bienestar integral, la relajaci\u00f3n, el autocuidado, la autoestima y el crecimiento personal. El objetivo es ofrecer informaci\u00f3n clara, accesible y pr\u00e1ctica sobre recursos que pueden contribuir a crear ambientes tranquilos y h\u00e1bitos de bienestar en la vida cotidiana. Aqu\u00ed encontrar\u00e1s [&hellip;]<\/p>","protected":false},"author":1,"featured_media":0,"parent":0,"menu_order":0,"comment_status":"closed","ping_status":"closed","template":"","meta":{"site-sidebar-layout":"default","site-content-layout":"","ast-site-content-layout":"default","site-content-style":"default","site-sidebar-style":"default","ast-global-header-display":"","ast-banner-title-visibility":"","ast-main-header-display":"","ast-hfb-above-header-display":"","ast-hfb-below-header-display":"","ast-hfb-mobile-header-display":"","site-post-title":"","ast-breadcrumbs-content":"","ast-featured-img":"","footer-sml-layout":"","theme-transparent-header-meta":"","adv-header-id-meta":"","stick-header-meta":"","header-above-stick-meta":"","header-main-stick-meta":"","header-below-stick-meta":"","astra-migrate-meta-layouts":"default","ast-page-background-enabled":"default","ast-page-background-meta":{"desktop":{"background-color":"var(--ast-global-color-5)","background-image":"","background-repeat":"repeat","background-position":"center center","background-size":"auto","background-attachment":"scroll","background-type":"","background-media":"","overlay-type":"","overlay-color":"","overlay-opacity":"","overlay-gradient":""},"tablet":{"background-color":"","background-image":"","background-repeat":"repeat","background-position":"center center","background-size":"auto","background-attachment":"scroll","background-type":"","background-media":"","overlay-type":"","overlay-color":"","overlay-opacity":"","overlay-gradient":""},"mobile":{"background-color":"","background-image":"","background-repeat":"repeat","background-position":"center center","background-size":"auto","background-attachment":"scroll","background-type":"","background-media":"","overlay-type":"","overlay-color":"","overlay-opacity":"","overlay-gradient":""}},"ast-content-background-meta":{"desktop":{"background-color":"var(--ast-global-color-4)","background-image":"","background-repeat":"repeat","background-position":"center center","background-size":"auto","background-attachment":"scroll","background-type":"","background-media":"","overlay-type":"","overlay-color":"","overlay-opacity":"","overlay-gradient":""},"tablet":{"background-color":"var(--ast-global-color-4)","background-image":"","background-repeat":"repeat","background-position":"center center","background-size":"auto","background-attachment":"scroll","background-type":"","background-media":"","overlay-type":"","overlay-color":"","overlay-opacity":"","overlay-gradient":""},"mobile":{"background-color":"var(--ast-global-color-4)","background-image":"","background-repeat":"repeat","background-position":"center center","background-size":"auto","background-attachment":"scroll","background-type":"","background-media":"","overlay-type":"","overlay-color":"","overlay-opacity":"","overlay-gradient":""}},"footnotes":""},"class_list":["post-168","page","type-page","status-publish","hentry"],"_hostinger_reach_plugin_has_subscription_block":false,"_hostinger_reach_plugin_is_elementor":false,"_links":{"self":[{"href":"https:\/\/relaxconplenitud.com\/en\/wp-json\/wp\/v2\/pages\/168","targetHints":{"allow":["GET"]}}],"collection":[{"href":"https:\/\/relaxconplenitud.com\/en\/wp-json\/wp\/v2\/pages"}],"about":[{"href":"https:\/\/relaxconplenitud.com\/en\/wp-json\/wp\/v2\/types\/page"}],"author":[{"embeddable":true,"href":"https:\/\/relaxconplenitud.com\/en\/wp-json\/wp\/v2\/users\/1"}],"replies":[{"embeddable":true,"href":"https:\/\/relaxconplenitud.com\/en\/wp-json\/wp\/v2\/comments?post=168"}],"version-history":[{"count":21,"href":"https:\/\/relaxconplenitud.com\/en\/wp-json\/wp\/v2\/pages\/168\/revisions"}],"predecessor-version":[{"id":1585,"href":"https:\/\/relaxconplenitud.com\/en\/wp-json\/wp\/v2\/pages\/168\/revisions\/1585"}],"wp:attachment":[{"href":"https:\/\/relaxconplenitud.com\/en\/wp-json\/wp\/v2\/media?parent=168"}],"curies":[{"name":"wp","href":"https:\/\/api.w.org\/{rel}","templated":true}]}}