{"id":419,"date":"2025-11-17T16:03:18","date_gmt":"2025-11-17T16:03:18","guid":{"rendered":"https:\/\/relaxconplenitud.com\/?page_id=419"},"modified":"2025-12-02T02:06:15","modified_gmt":"2025-12-02T02:06:15","slug":"aviso-de-afiliados-relaxconplenitud","status":"publish","type":"page","link":"https:\/\/relaxconplenitud.com\/en\/aviso-de-afiliados-relaxconplenitud\/","title":{"rendered":"Affiliates Notice - RelaxConPlenitud"},"content":{"rendered":"<p style=\"line-height:1.6\">RelaxConPlenitud participa en el Programa de Afiliados de Amazon y en otros programas de afiliaci\u00f3n. Esto significa que, como afiliada, puedo recibir una comisi\u00f3n si compras productos a trav\u00e9s de los enlaces recomendados, sin ning\u00fan costo adicional para ti.<\/p>\n\n\n\n<p style=\"line-height:1.7\">Mi objetivo es recomendar solo productos que aporten valor real al bienestar y al autocuidado.<\/p>\n\n\n\n<p style=\"line-height:1.6\">Amazon y otros terceros pueden usar cookies para rastrear compras realizadas a trav\u00e9s de los enlaces.<\/p>\n\n\n\n<p><\/p>","protected":false},"excerpt":{"rendered":"<p>RelaxConPlenitud participa en el Programa de Afiliados de Amazon y en otros programas de afiliaci\u00f3n. Esto significa que, como afiliada, puedo recibir una comisi\u00f3n si compras productos a trav\u00e9s de los enlaces recomendados, sin ning\u00fan costo adicional para ti. Mi objetivo es recomendar solo productos que aporten valor real al bienestar y al autocuidado. Amazon [&hellip;]<\/p>","protected":false},"author":1,"featured_media":0,"parent":0,"menu_order":0,"comment_status":"closed","ping_status":"closed","template":"","meta":{"site-sidebar-layout":"default","site-content-layout":"","ast-site-content-layout":"default","site-content-style":"default","site-sidebar-style":"default","ast-global-header-display":"","ast-banner-title-visibility":"","ast-main-header-display":"","ast-hfb-above-header-display":"","ast-hfb-below-header-display":"","ast-hfb-mobile-header-display":"","site-post-title":"","ast-breadcrumbs-content":"","ast-featured-img":"","footer-sml-layout":"","theme-transparent-header-meta":"","adv-header-id-meta":"","stick-header-meta":"","header-above-stick-meta":"","header-main-stick-meta":"","header-below-stick-meta":"","astra-migrate-meta-layouts":"default","ast-page-background-enabled":"default","ast-page-background-meta":{"desktop":{"background-color":"var(--ast-global-color-5)","background-image":"","background-repeat":"repeat","background-position":"center center","background-size":"auto","background-attachment":"scroll","background-type":"","background-media":"","overlay-type":"","overlay-color":"","overlay-opacity":"","overlay-gradient":""},"tablet":{"background-color":"","background-image":"","background-repeat":"repeat","background-position":"center center","background-size":"auto","background-attachment":"scroll","background-type":"","background-media":"","overlay-type":"","overlay-color":"","overlay-opacity":"","overlay-gradient":""},"mobile":{"background-color":"","background-image":"","background-repeat":"repeat","background-position":"center center","background-size":"auto","background-attachment":"scroll","background-type":"","background-media":"","overlay-type":"","overlay-color":"","overlay-opacity":"","overlay-gradient":""}},"ast-content-background-meta":{"desktop":{"background-color":"var(--ast-global-color-4)","background-image":"","background-repeat":"repeat","background-position":"center center","background-size":"auto","background-attachment":"scroll","background-type":"","background-media":"","overlay-type":"","overlay-color":"","overlay-opacity":"","overlay-gradient":""},"tablet":{"background-color":"var(--ast-global-color-4)","background-image":"","background-repeat":"repeat","background-position":"center center","background-size":"auto","background-attachment":"scroll","background-type":"","background-media":"","overlay-type":"","overlay-color":"","overlay-opacity":"","overlay-gradient":""},"mobile":{"background-color":"var(--ast-global-color-4)","background-image":"","background-repeat":"repeat","background-position":"center center","background-size":"auto","background-attachment":"scroll","background-type":"","background-media":"","overlay-type":"","overlay-color":"","overlay-opacity":"","overlay-gradient":""}},"footnotes":""},"class_list":["post-419","page","type-page","status-publish","hentry"],"_hostinger_reach_plugin_has_subscription_block":false,"_hostinger_reach_plugin_is_elementor":false,"_links":{"self":[{"href":"https:\/\/relaxconplenitud.com\/en\/wp-json\/wp\/v2\/pages\/419","targetHints":{"allow":["GET"]}}],"collection":[{"href":"https:\/\/relaxconplenitud.com\/en\/wp-json\/wp\/v2\/pages"}],"about":[{"href":"https:\/\/relaxconplenitud.com\/en\/wp-json\/wp\/v2\/types\/page"}],"author":[{"embeddable":true,"href":"https:\/\/relaxconplenitud.com\/en\/wp-json\/wp\/v2\/users\/1"}],"replies":[{"embeddable":true,"href":"https:\/\/relaxconplenitud.com\/en\/wp-json\/wp\/v2\/comments?post=419"}],"version-history":[{"count":2,"href":"https:\/\/relaxconplenitud.com\/en\/wp-json\/wp\/v2\/pages\/419\/revisions"}],"predecessor-version":[{"id":1443,"href":"https:\/\/relaxconplenitud.com\/en\/wp-json\/wp\/v2\/pages\/419\/revisions\/1443"}],"wp:attachment":[{"href":"https:\/\/relaxconplenitud.com\/en\/wp-json\/wp\/v2\/media?parent=419"}],"curies":[{"name":"wp","href":"https:\/\/api.w.org\/{rel}","templated":true}]}}