{"id":60,"date":"2025-11-11T19:39:51","date_gmt":"2025-11-11T19:39:51","guid":{"rendered":"https:\/\/relaxconplenitud.com\/?page_id=60"},"modified":"2025-11-23T13:45:29","modified_gmt":"2025-11-23T13:45:29","slug":"home","status":"publish","type":"page","link":"https:\/\/relaxconplenitud.com\/en\/home\/","title":{"rendered":"Home"},"content":{"rendered":"<h3 class=\"wp-block-heading\">Bienvenido a RelaxConPlenitud.<\/h3>\n\n\n\n<p>Tu espacio de art\u00edculos, blogs y recomendaciones de productos para vivir con m\u00e1s calma, equilibrio y plenitud.<\/p>\n\n\n\n<h3 class=\"wp-block-heading\">Qu\u00e9 es RelaxConPlenitud.<\/h3>\n\n\n\n<p>RelaxConPlenitud es un blog dedicado a compartir informaci\u00f3n confiable y \u00fatil sobre bienestar emocional, relajaci\u00f3n, autocuidado y productos que mejoran tu calidad de vida. Mi objetivo es crear contenido de calidad; quiero compartir los frutos de mi experiencia personal y desarrollo profesional como coaching ontol\u00f3gico profesional y m\u00e1ster en programaci\u00f3n neuroling\u00fc\u00edstica con el fin de ayudarte, acompa\u00f1arte a encontrar tambi\u00e9n herramientas para vivir con m\u00e1s equilibrio, tranquilidad y plenitud.<\/p>\n\n\n\n<p>Aqu\u00ed encontrar\u00e1s art\u00edculos inspiradores, reflexiones  sobre el bienestar emocional ;  recomendaciones de productos de Amazon seleccionados cuidadosamente y consejos pr\u00e1cticos que puedes aplicar cada d\u00eda. Todo el contenido est\u00e1 pensado para acompa\u00f1arte en tu camino hacia una vida m\u00e1s plena y consciente.<\/p>\n\n\n\n<h3 class=\"wp-block-heading\">Qu\u00e9 encontrar\u00e1s en RelaxConPlenitud.<\/h3>\n\n\n\n<ul class=\"wp-block-list\">\n<li><strong>Art\u00edculos y blogs:<\/strong> Contenido pensado para inspirarte y darte herramientas pr\u00e1cticas de bienestar.<\/li>\n\n\n\n<li><strong>Recomendaciones de productos:<\/strong> Productos seleccionados por su calidad y efectividad, con enlaces de compra seguros.<\/li>\n\n\n\n<li><strong>Consejos de bienestar emocional:<\/strong> Tips f\u00e1ciles de aplicar para reducir el estr\u00e9s y vivir con m\u00e1s plenitud.<\/li>\n\n\n\n<li><strong>Gu\u00edas pr\u00e1cticas:<\/strong> Recursos que te ayudan a tomar decisiones conscientes y cuidar tu salud f\u00edsica y emocional.<\/li>\n<\/ul>\n\n\n\n<h3 class=\"wp-block-heading\">Art\u00edculos y recomendaciones .<\/h3>\n\n\n\n<ul class=\"wp-block-list\">\n<li>C\u00f3mo reducir el estr\u00e9s diario Peque\u00f1os consejos pr\u00e1cticos que puedes aplicar hoy para sentirte m\u00e1s tranquilo y recuperar tu energ\u00eda.<\/li>\n\n\n\n<li>Productos recomendados que pueden acompa\u00f1ar tus rutinas diarias de bienestar en Amazon Gadgets, accesorios y herramientas de autocuidado seleccionados cuidadosamente para ti. <a href=\"https:\/\/relaxconplenitud.com\/en\/10-productos-top-para-tu-bienestar\/\" data-type=\"link\" data-id=\"https:\/\/relaxconplenitud.com\/10-productos-top-para-tu-bienestar\/\">VER BLOG<\/a><\/li>\n\n\n\n<li>H\u00e1bitos diarios para mejorar tu bienestar Incorpora peque\u00f1as rutinas que te ayuden a sentirte m\u00e1s equilibrado y vivir con plenitud en tu d\u00eda a d\u00eda.<\/li>\n<\/ul>\n\n\n\n<h3 class=\"wp-block-heading\">Suscr\u00edbete a RelaxConPlenitud.<\/h3>\n\n\n\n<p>Recibe en tu correo los \u00faltimos art\u00edculos, recomendaciones de productos y tips de bienestar emocional. Te acompa\u00f1aremos con consejos pr\u00e1cticos y herramientas para vivir cada d\u00eda con m\u00e1s calma, equilibrio y plenitud. <a href=\"https:\/\/relaxconplenitud.com\/en\/contacto\/\" data-type=\"page\" data-id=\"298\">Suscribirme al Newsletter<\/a><\/p>\n\n\n\n<ul class=\"wp-block-list\">\n<li>Correo de contacto: <a href=\"mailto:contacto@relaxconplenitud.com\">contacto@relaxconplenitud.com<\/a><\/li>\n<\/ul>","protected":false},"excerpt":{"rendered":"<p>Bienvenido a RelaxConPlenitud. Tu espacio de art\u00edculos, blogs y recomendaciones de productos para vivir con m\u00e1s calma, equilibrio y plenitud. Qu\u00e9 es RelaxConPlenitud. RelaxConPlenitud es un blog dedicado a compartir informaci\u00f3n confiable y \u00fatil sobre bienestar emocional, relajaci\u00f3n, autocuidado y productos que mejoran tu calidad de vida. Mi objetivo es crear contenido de calidad; quiero [&hellip;]<\/p>","protected":false},"author":1,"featured_media":43,"parent":0,"menu_order":0,"comment_status":"closed","ping_status":"closed","template":"","meta":{"site-sidebar-layout":"default","site-content-layout":"","ast-site-content-layout":"default","site-content-style":"default","site-sidebar-style":"default","ast-global-header-display":"","ast-banner-title-visibility":"","ast-main-header-display":"","ast-hfb-above-header-display":"","ast-hfb-below-header-display":"","ast-hfb-mobile-header-display":"","site-post-title":"","ast-breadcrumbs-content":"","ast-featured-img":"disabled","footer-sml-layout":"","theme-transparent-header-meta":"","adv-header-id-meta":"","stick-header-meta":"","header-above-stick-meta":"","header-main-stick-meta":"","header-below-stick-meta":"","astra-migrate-meta-layouts":"default","ast-page-background-enabled":"default","ast-page-background-meta":{"desktop":{"background-color":"var(--ast-global-color-5)","background-image":"","background-repeat":"repeat","background-position":"center center","background-size":"auto","background-attachment":"scroll","background-type":"","background-media":"","overlay-type":"","overlay-color":"","overlay-opacity":"","overlay-gradient":""},"tablet":{"background-color":"","background-image":"","background-repeat":"repeat","background-position":"center center","background-size":"auto","background-attachment":"scroll","background-type":"","background-media":"","overlay-type":"","overlay-color":"","overlay-opacity":"","overlay-gradient":""},"mobile":{"background-color":"","background-image":"","background-repeat":"repeat","background-position":"center center","background-size":"auto","background-attachment":"scroll","background-type":"","background-media":"","overlay-type":"","overlay-color":"","overlay-opacity":"","overlay-gradient":""}},"ast-content-background-meta":{"desktop":{"background-color":"var(--ast-global-color-4)","background-image":"","background-repeat":"repeat","background-position":"center center","background-size":"auto","background-attachment":"scroll","background-type":"","background-media":"","overlay-type":"","overlay-color":"","overlay-opacity":"","overlay-gradient":""},"tablet":{"background-color":"var(--ast-global-color-4)","background-image":"","background-repeat":"repeat","background-position":"center center","background-size":"auto","background-attachment":"scroll","background-type":"","background-media":"","overlay-type":"","overlay-color":"","overlay-opacity":"","overlay-gradient":""},"mobile":{"background-color":"var(--ast-global-color-4)","background-image":"","background-repeat":"repeat","background-position":"center center","background-size":"auto","background-attachment":"scroll","background-type":"","background-media":"","overlay-type":"","overlay-color":"","overlay-opacity":"","overlay-gradient":""}},"footnotes":""},"class_list":["post-60","page","type-page","status-publish","has-post-thumbnail","hentry"],"_hostinger_reach_plugin_has_subscription_block":false,"_hostinger_reach_plugin_is_elementor":false,"_links":{"self":[{"href":"https:\/\/relaxconplenitud.com\/en\/wp-json\/wp\/v2\/pages\/60","targetHints":{"allow":["GET"]}}],"collection":[{"href":"https:\/\/relaxconplenitud.com\/en\/wp-json\/wp\/v2\/pages"}],"about":[{"href":"https:\/\/relaxconplenitud.com\/en\/wp-json\/wp\/v2\/types\/page"}],"author":[{"embeddable":true,"href":"https:\/\/relaxconplenitud.com\/en\/wp-json\/wp\/v2\/users\/1"}],"replies":[{"embeddable":true,"href":"https:\/\/relaxconplenitud.com\/en\/wp-json\/wp\/v2\/comments?post=60"}],"version-history":[{"count":18,"href":"https:\/\/relaxconplenitud.com\/en\/wp-json\/wp\/v2\/pages\/60\/revisions"}],"predecessor-version":[{"id":1006,"href":"https:\/\/relaxconplenitud.com\/en\/wp-json\/wp\/v2\/pages\/60\/revisions\/1006"}],"wp:featuredmedia":[{"embeddable":true,"href":"https:\/\/relaxconplenitud.com\/en\/wp-json\/wp\/v2\/media\/43"}],"wp:attachment":[{"href":"https:\/\/relaxconplenitud.com\/en\/wp-json\/wp\/v2\/media?parent=60"}],"curies":[{"name":"wp","href":"https:\/\/api.w.org\/{rel}","templated":true}]}}