{"id":82,"date":"2025-11-11T21:46:00","date_gmt":"2025-11-11T21:46:00","guid":{"rendered":"https:\/\/relaxconplenitud.com\/?page_id=82"},"modified":"2025-11-13T18:35:38","modified_gmt":"2025-11-13T18:35:38","slug":"aviso-legal-relaxconplenitud","status":"publish","type":"page","link":"https:\/\/relaxconplenitud.com\/en\/aviso-legal-relaxconplenitud\/","title":{"rendered":"Legal Notice"},"content":{"rendered":"<p><strong>\u00daltima actualizaci\u00f3n:<\/strong> 11 de noviembre de 2025<\/p>\n\n\n\n<p>El contenido de <strong>RelaxConPlenitud<\/strong> tiene fines informativos y de entretenimiento. Todas las opiniones y rese\u00f1as sobre productos, servicios o t\u00e9cnicas de bienestar reflejan experiencias personales o informaci\u00f3n p\u00fablica, y no deben considerarse como asesor\u00eda profesional m\u00e9dica, psicol\u00f3gica, legal o financiera.<\/p>\n\n\n\n<p>No nos hacemos responsables por el uso que puedas dar a la informaci\u00f3n publicada en el sitio. Antes de tomar decisiones importantes basadas en nuestras recomendaciones, te sugerimos consultar con un profesional calificado.<\/p>\n\n\n\n<h3 class=\"wp-block-heading\">Enlaces de afiliados<\/h3>\n\n\n\n<p>Algunos productos y servicios recomendados en este sitio incluyen enlaces de afiliados, como Amazon. Esto significa que podemos recibir una comisi\u00f3n por las compras realizadas a trav\u00e9s de estos enlaces, sin costo adicional para ti. Esta comisi\u00f3n nos ayuda a mantener el sitio y seguir publicando contenido de calidad.<\/p>\n\n\n\n<h3 class=\"wp-block-heading\">Propiedad intelectual<\/h3>\n\n\n\n<p>Todo el contenido de este sitio, incluyendo textos, im\u00e1genes y gr\u00e1ficos, es propiedad de <strong>RelaxConPlenitud<\/strong> o de terceros que nos han autorizado su uso. Queda prohibida la reproducci\u00f3n total o parcial sin autorizaci\u00f3n expresa.<\/p>","protected":false},"excerpt":{"rendered":"<p>\u00daltima actualizaci\u00f3n: 11 de noviembre de 2025 El contenido de RelaxConPlenitud tiene fines informativos y de entretenimiento. Todas las opiniones y rese\u00f1as sobre productos, servicios o t\u00e9cnicas de bienestar reflejan experiencias personales o informaci\u00f3n p\u00fablica, y no deben considerarse como asesor\u00eda profesional m\u00e9dica, psicol\u00f3gica, legal o financiera. No nos hacemos responsables por el uso que [&hellip;]<\/p>","protected":false},"author":1,"featured_media":0,"parent":0,"menu_order":0,"comment_status":"closed","ping_status":"closed","template":"","meta":{"site-sidebar-layout":"default","site-content-layout":"","ast-site-content-layout":"default","site-content-style":"default","site-sidebar-style":"default","ast-global-header-display":"","ast-banner-title-visibility":"","ast-main-header-display":"","ast-hfb-above-header-display":"","ast-hfb-below-header-display":"","ast-hfb-mobile-header-display":"","site-post-title":"","ast-breadcrumbs-content":"","ast-featured-img":"","footer-sml-layout":"","theme-transparent-header-meta":"","adv-header-id-meta":"","stick-header-meta":"","header-above-stick-meta":"","header-main-stick-meta":"","header-below-stick-meta":"","astra-migrate-meta-layouts":"default","ast-page-background-enabled":"default","ast-page-background-meta":{"desktop":{"background-color":"var(--ast-global-color-5)","background-image":"","background-repeat":"repeat","background-position":"center center","background-size":"auto","background-attachment":"scroll","background-type":"","background-media":"","overlay-type":"","overlay-color":"","overlay-opacity":"","overlay-gradient":""},"tablet":{"background-color":"","background-image":"","background-repeat":"repeat","background-position":"center center","background-size":"auto","background-attachment":"scroll","background-type":"","background-media":"","overlay-type":"","overlay-color":"","overlay-opacity":"","overlay-gradient":""},"mobile":{"background-color":"","background-image":"","background-repeat":"repeat","background-position":"center center","background-size":"auto","background-attachment":"scroll","background-type":"","background-media":"","overlay-type":"","overlay-color":"","overlay-opacity":"","overlay-gradient":""}},"ast-content-background-meta":{"desktop":{"background-color":"var(--ast-global-color-4)","background-image":"","background-repeat":"repeat","background-position":"center center","background-size":"auto","background-attachment":"scroll","background-type":"","background-media":"","overlay-type":"","overlay-color":"","overlay-opacity":"","overlay-gradient":""},"tablet":{"background-color":"var(--ast-global-color-4)","background-image":"","background-repeat":"repeat","background-position":"center center","background-size":"auto","background-attachment":"scroll","background-type":"","background-media":"","overlay-type":"","overlay-color":"","overlay-opacity":"","overlay-gradient":""},"mobile":{"background-color":"var(--ast-global-color-4)","background-image":"","background-repeat":"repeat","background-position":"center center","background-size":"auto","background-attachment":"scroll","background-type":"","background-media":"","overlay-type":"","overlay-color":"","overlay-opacity":"","overlay-gradient":""}},"footnotes":""},"class_list":["post-82","page","type-page","status-publish","hentry"],"_hostinger_reach_plugin_has_subscription_block":false,"_hostinger_reach_plugin_is_elementor":false,"_links":{"self":[{"href":"https:\/\/relaxconplenitud.com\/en\/wp-json\/wp\/v2\/pages\/82","targetHints":{"allow":["GET"]}}],"collection":[{"href":"https:\/\/relaxconplenitud.com\/en\/wp-json\/wp\/v2\/pages"}],"about":[{"href":"https:\/\/relaxconplenitud.com\/en\/wp-json\/wp\/v2\/types\/page"}],"author":[{"embeddable":true,"href":"https:\/\/relaxconplenitud.com\/en\/wp-json\/wp\/v2\/users\/1"}],"replies":[{"embeddable":true,"href":"https:\/\/relaxconplenitud.com\/en\/wp-json\/wp\/v2\/comments?post=82"}],"version-history":[{"count":2,"href":"https:\/\/relaxconplenitud.com\/en\/wp-json\/wp\/v2\/pages\/82\/revisions"}],"predecessor-version":[{"id":189,"href":"https:\/\/relaxconplenitud.com\/en\/wp-json\/wp\/v2\/pages\/82\/revisions\/189"}],"wp:attachment":[{"href":"https:\/\/relaxconplenitud.com\/en\/wp-json\/wp\/v2\/media?parent=82"}],"curies":[{"name":"wp","href":"https:\/\/api.w.org\/{rel}","templated":true}]}}